{"id":27,"date":"2020-10-14T21:28:11","date_gmt":"2020-10-15T02:28:11","guid":{"rendered":"https:\/\/www.aviancavirtual.org\/?page_id=27"},"modified":"2023-09-01T21:35:35","modified_gmt":"2023-09-02T02:35:35","slug":"quienes-somos","status":"publish","type":"page","link":"https:\/\/www.grupoava.org\/en\/quienes-somos\/","title":{"rendered":"About Us"},"content":{"rendered":"<div data-elementor-type=\"wp-page\" data-elementor-id=\"27\" class=\"elementor elementor-27\">\n\t\t\t\t<div class=\"elementor-element elementor-element-f764fbf e-con-full elementor-hidden-mobile e-flex wpr-particle-no wpr-jarallax-no wpr-parallax-no wpr-sticky-section-no wpr-equal-height-no e-con e-parent\" data-id=\"f764fbf\" data-element_type=\"container\" data-e-type=\"container\" data-settings=\"{&quot;background_background&quot;:&quot;classic&quot;,&quot;animation&quot;:&quot;none&quot;}\">\n\t\t<div class=\"elementor-element elementor-element-f70f6ff e-con-full e-flex wpr-particle-no wpr-jarallax-no wpr-parallax-no wpr-sticky-section-no wpr-equal-height-no e-con e-parent\" data-id=\"f70f6ff\" data-element_type=\"container\" data-e-type=\"container\">\n\t\t\t\t<div class=\"elementor-element elementor-element-afb4336 elementor-widget elementor-widget-spacer\" data-id=\"afb4336\" data-element_type=\"widget\" data-e-type=\"widget\" data-widget_type=\"spacer.default\">\n\t\t\t\t<div class=\"elementor-widget-container\">\n\t\t\t\t\t\t\t<div class=\"elementor-spacer\">\n\t\t\t<div class=\"elementor-spacer-inner\"><\/div>\n\t\t<\/div>\n\t\t\t\t\t\t<\/div>\n\t\t\t\t<\/div>\n\t\t\t\t<div class=\"elementor-element elementor-element-eb162b2 elementor-widget elementor-widget-heading\" data-id=\"eb162b2\" data-element_type=\"widget\" data-e-type=\"widget\" data-widget_type=\"heading.default\">\n\t\t\t\t<div class=\"elementor-widget-container\">\n\t\t\t\t\t<h1 class=\"elementor-heading-title elementor-size-default\">About Us<\/h1>\t\t\t\t<\/div>\n\t\t\t\t<\/div>\n\t\t\t\t<div class=\"elementor-element elementor-element-65c62e9 elementor-widget elementor-widget-spacer\" data-id=\"65c62e9\" data-element_type=\"widget\" data-e-type=\"widget\" data-widget_type=\"spacer.default\">\n\t\t\t\t<div class=\"elementor-widget-container\">\n\t\t\t\t\t\t\t<div class=\"elementor-spacer\">\n\t\t\t<div class=\"elementor-spacer-inner\"><\/div>\n\t\t<\/div>\n\t\t\t\t\t\t<\/div>\n\t\t\t\t<\/div>\n\t\t\t\t<\/div>\n\t\t\t\t<\/div>\n\t\t<div class=\"elementor-element elementor-element-6528009 e-flex e-con-boxed wpr-particle-no wpr-jarallax-no wpr-parallax-no wpr-sticky-section-no wpr-equal-height-no e-con e-parent\" data-id=\"6528009\" data-element_type=\"container\" data-e-type=\"container\">\n\t\t\t\t\t<div class=\"e-con-inner\">\n\t\t<div class=\"elementor-element elementor-element-cd3b317 e-con-full e-flex wpr-particle-no wpr-jarallax-no wpr-parallax-no wpr-sticky-section-no wpr-equal-height-no e-con e-parent\" data-id=\"cd3b317\" data-element_type=\"container\" data-e-type=\"container\">\n\t\t\t\t<div class=\"elementor-element elementor-element-1c50eae elementor-widget elementor-widget-text-editor\" data-id=\"1c50eae\" data-element_type=\"widget\" data-e-type=\"widget\" data-widget_type=\"text-editor.default\">\n\t\t\t\t<div class=\"elementor-widget-container\">\n\t\t\t\t\t\t\t\t\t<p><\/p>\n<p>Grupoava Virtual was born on November 1, 2001 with the name AviancacesVirtual as a result of the idea of a group of fans who see flight simulation as a maximum approximation to reality rather than a simple game as it is seen by many. We are virtual pilots recreating real conditions. Our philosophy is to simulate real-life conditions as much as possible and as much as technology allows. Our fleet is limited unlike many virtual airlines that have an unlimited number of aircraft. Grupoava Virtual generates a daily itinerary that reflects the flights of our crew members and planes.<\/p>\n<p><\/p>\n<p><\/p>\n<p><\/p>\n<p><\/p>\n<p>Las operaciones est\u00e1n basadas en Microsoft \u00a9 Flight Simulator 2020, Lockheed Martin\u00a0<span style=\"color: var( --e-global-color-text ); font-family: var( --e-global-typography-text-font-family ), Sans-serif;\">\u00a9\u00a0<\/span><span style=\"color: var( --e-global-color-text ); font-family: var( --e-global-typography-text-font-family ), Sans-serif;\">Prepar3D y Laminar Research\u00a0<\/span><span style=\"color: var( --e-global-color-text ); font-family: var( --e-global-typography-text-font-family ), Sans-serif;\">\u00a9 X-Plane,<\/span><span style=\"color: var( --e-global-color-text ); font-family: var( --e-global-typography-text-font-family ), Sans-serif;\">\u00a0usando modelos altamente calificados, probados y autorizados por pilotos reales de los aviones. De igual manera la totalidad del sistema operacional de la aerol\u00ed\u00adnea esta basada en la forma en que operan las compa\u00f1\u00ed\u00adas reales con la ventaja de que somos una de las pocas aerol\u00ed\u00adneas virtuales manejadas y administradas por pilotos reales. Pertenecer a Grupoava Virtual no tiene ning\u00fan costo. Sin embargo, el proceso de selecci\u00f3n es muy estricto y no todos podr\u00e1n tener el privilegio de pertenecer a nuestro sistema. Solo los mejores y m\u00e1s selectos pilotos virtuales podr\u00e1n pertenecer a la aerol\u00ednea. Si usted es piloto real aficionado a la simulaci\u00f3n de vuelo, encontrara en en Grupoava Virtual la m\u00e1s cercana aproximaci\u00f3n de una aerol\u00ed\u00adnea virtual a la realidad y si usted es piloto virtual, el pertenecer a Grupoava Virtual le dar\u00e1 la oportunidad de vivir la experiencia de un piloto real usando procedimientos y recursos reales. Todo totalmente gratis sac\u00e1ndole el m\u00e1ximo beneficio a su simulador de vuelo. Entre los beneficios de pertenecer a Grupoava Virtual:<\/span><\/p>\n<p><\/p>\n<p><\/p>\n<blockquote>\n<p><em>Simular condiciones de la aerol\u00ednea real<\/em><br \/><em>Recibir entrenamiento por pilotos reales<\/em><br \/><em>Contar con recursos usados en la vida real<\/em><br \/><em>Administraci\u00f3n y manejo por pilotos reales<\/em><\/p>\n<\/blockquote>\n<p><\/p>\n<p><\/p>\n<p>Bienvenidos!!<br \/>Miembros Grupoava Virtual<\/p>\n<p><\/p>\t\t\t\t\t\t\t\t<\/div>\n\t\t\t\t<\/div>\n\t\t\t\t<\/div>\n\t\t<div class=\"elementor-element elementor-element-0005f7b e-con-full e-flex wpr-particle-no wpr-jarallax-no wpr-parallax-no wpr-sticky-section-no wpr-equal-height-no e-con e-parent\" data-id=\"0005f7b\" data-element_type=\"container\" data-e-type=\"container\">\n\t\t\t\t<div class=\"elementor-element elementor-element-eb4f2df elementor-widget elementor-widget-html\" data-id=\"eb4f2df\" data-element_type=\"widget\" data-e-type=\"widget\" data-widget_type=\"html.default\">\n\t\t\t\t<div class=\"elementor-widget-container\">\n\t\t\t\t\t<div id=\"container\">\r\n    \n<!-- iframe plugin v.6.0 wordpress.org\/plugins\/iframe\/ -->\n<iframe src=\"\/\/crew.grupoava.org\/dp_stats\" height=\"700\" width=\"100%\" scrolling=\"yes\" class=\"iframe-class\" frameborder=\"0\"><\/iframe>\n\r\n<\/div>\t\t\t\t<\/div>\n\t\t\t\t<\/div>\n\t\t\t\t<\/div>\n\t\t\t\t\t<\/div>\n\t\t\t\t<\/div>\n\t\t\t\t<\/div>","protected":false},"excerpt":{"rendered":"<p>Quienes Somos Grupoava Virtual naci\u00f3 el 1ero de noviembre de 2001 con el nombre de AviancacesVirtual como consecuencia de la idea de un grupo de aficionados que ven la simulaci\u00f3n de vuelo como una aproximaci\u00f3n m\u00e1xima a la realidad mas que un simple juego como es vista por muchos. Somos pilotos virtuales recreando condiciones reales.\u00a0 Nuestras filosofia es simular condiciones de la vida real tanto como sea posible y tanto como la tecnolog\u00ed\u00ada lo permita. Nuestra flota es limitada a diferencia de muchas aerol\u00ed\u00adneas virtuales que cuentan con un numero ilimitado de aviones. Grupoava Virtual genera un itinerario diario que refleja los vuelos de nuestros tripulantes y aviones. Las operaciones est\u00e1n basadas en Microsoft \u00a9 Flight Simulator 2020, Lockheed Martin\u00a0\u00a9\u00a0Prepar3D y Laminar Research\u00a0\u00a9 X-Plane,\u00a0usando modelos altamente calificados, probados y autorizados por pilotos reales de los aviones. De igual manera la totalidad del sistema operacional de la aerol\u00ed\u00adnea esta basada en la forma en que operan las compa\u00f1\u00ed\u00adas reales con la ventaja de que somos una de las pocas aerol\u00ed\u00adneas virtuales manejadas y administradas por pilotos reales. Pertenecer a Grupoava Virtual no tiene ning\u00fan costo. Sin embargo, el proceso de selecci\u00f3n es muy estricto y no todos podr\u00e1n tener el privilegio de pertenecer a nuestro sistema. Solo los mejores y m\u00e1s selectos pilotos virtuales podr\u00e1n pertenecer a la aerol\u00ednea. Si usted es piloto real aficionado a la simulaci\u00f3n de vuelo, encontrara en en Grupoava Virtual la m\u00e1s cercana aproximaci\u00f3n de una aerol\u00ed\u00adnea virtual a la realidad y si usted es piloto virtual, el pertenecer a Grupoava Virtual le dar\u00e1 la oportunidad de vivir la experiencia de un piloto real usando procedimientos y recursos reales. Todo totalmente gratis sac\u00e1ndole el m\u00e1ximo beneficio a su simulador de vuelo. Entre los beneficios de pertenecer a Grupoava Virtual: Simular condiciones de la aerol\u00ednea realRecibir entrenamiento por pilotos realesContar con recursos usados en la vida realAdministraci\u00f3n y manejo por pilotos reales Bienvenidos!!Miembros Grupoava Virtual<\/p>","protected":false},"author":1,"featured_media":0,"parent":0,"menu_order":0,"comment_status":"closed","ping_status":"closed","template":"","meta":{"inline_featured_image":false,"footnotes":""},"class_list":["post-27","page","type-page","status-publish","hentry"],"blocksy_meta":{"styles_descriptor":{"styles":{"desktop":"","tablet":"","mobile":""},"google_fonts":[],"version":6}},"_links":{"self":[{"href":"https:\/\/www.grupoava.org\/en\/wp-json\/wp\/v2\/pages\/27","targetHints":{"allow":["GET"]}}],"collection":[{"href":"https:\/\/www.grupoava.org\/en\/wp-json\/wp\/v2\/pages"}],"about":[{"href":"https:\/\/www.grupoava.org\/en\/wp-json\/wp\/v2\/types\/page"}],"author":[{"embeddable":true,"href":"https:\/\/www.grupoava.org\/en\/wp-json\/wp\/v2\/users\/1"}],"replies":[{"embeddable":true,"href":"https:\/\/www.grupoava.org\/en\/wp-json\/wp\/v2\/comments?post=27"}],"version-history":[{"count":38,"href":"https:\/\/www.grupoava.org\/en\/wp-json\/wp\/v2\/pages\/27\/revisions"}],"predecessor-version":[{"id":594,"href":"https:\/\/www.grupoava.org\/en\/wp-json\/wp\/v2\/pages\/27\/revisions\/594"}],"wp:attachment":[{"href":"https:\/\/www.grupoava.org\/en\/wp-json\/wp\/v2\/media?parent=27"}],"curies":[{"name":"wp","href":"https:\/\/api.w.org\/{rel}","templated":true}]}}